{"id":3492,"date":"2024-02-13T09:57:26","date_gmt":"2024-02-13T08:57:26","guid":{"rendered":"https:\/\/tehnoloska-oprema.eu\/?post_type=product&#038;p=3492"},"modified":"2024-02-13T12:30:16","modified_gmt":"2024-02-13T11:30:16","slug":"qubik-poklopac","status":"publish","type":"product","link":"https:\/\/tehnoloska-oprema.eu\/sl\/product\/qubik-poklopac\/","title":{"rendered":"Poklopac za ki\u0161u"},"content":{"rendered":"","protected":false},"excerpt":{"rendered":"<h3>Opis proizvoda<\/h3>\n<ul>\n<li>Izra\u0111en od pocin\u010danog \u010delika.<\/li>\n<li>Koristi se u slu\u010daju vanjske monta\u017ee<\/li>\n<\/ul>\n","protected":false},"featured_media":3493,"comment_status":"closed","ping_status":"closed","template":"","meta":{"_seopress_robots_primary_cat":"","_seopress_titles_title":"","_seopress_titles_desc":"","_seopress_robots_index":"","inline_featured_image":false},"product_cat":[95],"product_tag":[],"class_list":{"0":"post-3492","1":"product","2":"type-product","3":"status-publish","4":"has-post-thumbnail","6":"product_cat-qubik-dodaci","8":"first","9":"instock","10":"shipping-taxable","11":"product-type-simple"},"_links":{"self":[{"href":"https:\/\/tehnoloska-oprema.eu\/sl\/wp-json\/wp\/v2\/product\/3492","targetHints":{"allow":["GET"]}}],"collection":[{"href":"https:\/\/tehnoloska-oprema.eu\/sl\/wp-json\/wp\/v2\/product"}],"about":[{"href":"https:\/\/tehnoloska-oprema.eu\/sl\/wp-json\/wp\/v2\/types\/product"}],"replies":[{"embeddable":true,"href":"https:\/\/tehnoloska-oprema.eu\/sl\/wp-json\/wp\/v2\/comments?post=3492"}],"wp:featuredmedia":[{"embeddable":true,"href":"https:\/\/tehnoloska-oprema.eu\/sl\/wp-json\/wp\/v2\/media\/3493"}],"wp:attachment":[{"href":"https:\/\/tehnoloska-oprema.eu\/sl\/wp-json\/wp\/v2\/media?parent=3492"}],"wp:term":[{"taxonomy":"product_cat","embeddable":true,"href":"https:\/\/tehnoloska-oprema.eu\/sl\/wp-json\/wp\/v2\/product_cat?post=3492"},{"taxonomy":"product_tag","embeddable":true,"href":"https:\/\/tehnoloska-oprema.eu\/sl\/wp-json\/wp\/v2\/product_tag?post=3492"}],"curies":[{"name":"wp","href":"https:\/\/api.w.org\/{rel}","templated":true}]}}