{"id":5473,"date":"2024-02-01T09:07:55","date_gmt":"2024-02-01T08:07:55","guid":{"rendered":"https:\/\/tehnoloska-oprema.eu\/o-nama\/"},"modified":"2024-03-25T12:39:50","modified_gmt":"2024-03-25T11:39:50","slug":"o-nas","status":"publish","type":"page","link":"https:\/\/tehnoloska-oprema.eu\/sl\/o-nas\/","title":{"rendered":"O nas"},"content":{"rendered":"[vc_row type=&#8221;full_width_background&#8221; full_screen_row_position=&#8221;middle&#8221; column_margin=&#8221;default&#8221; column_direction=&#8221;default&#8221; column_direction_tablet=&#8221;default&#8221; column_direction_phone=&#8221;default&#8221; bg_color=&#8221;#ffffff&#8221; bg_image=&#8221;2994&#8243; bg_position=&#8221;center center&#8221; background_image_loading=&#8221;default&#8221; bg_repeat=&#8221;no-repeat&#8221; scene_position=&#8221;center&#8221; top_padding=&#8221;5%&#8221; constrain_group_1=&#8221;yes&#8221; bottom_padding=&#8221;5%&#8221; text_color=&#8221;light&#8221; text_align=&#8221;left&#8221; row_border_radius=&#8221;none&#8221; row_border_radius_applies=&#8221;bg&#8221; overflow=&#8221;visible&#8221; color_overlay=&#8221;#0a0000&#8243; color_overlay_2=&#8221;rgba(10,10,10,0.5)&#8221; overlay_strength=&#8221;0.8&#8243; gradient_direction=&#8221;left_to_right&#8221; shape_divider_color=&#8221;#ffffff&#8221; shape_divider_position=&#8221;bottom&#8221; shape_divider_height=&#8221;350&#8243; bg_image_animation=&#8221;none&#8221; parallax_bg=&#8221;true&#8221; parallax_bg_speed=&#8221;fast&#8221; shape_type=&#8221;waves_opacity_alt&#8221; gradient_type=&#8221;default&#8221;][vc_column column_padding=&#8221;no-extra-padding&#8221; column_padding_tablet=&#8221;inherit&#8221; column_padding_phone=&#8221;inherit&#8221; column_padding_position=&#8221;all&#8221; column_element_direction_desktop=&#8221;default&#8221; column_element_spacing=&#8221;default&#8221; desktop_text_alignment=&#8221;default&#8221; tablet_text_alignment=&#8221;default&#8221; phone_text_alignment=&#8221;default&#8221; background_color_opacity=&#8221;1&#8243; background_hover_color_opacity=&#8221;1&#8243; column_backdrop_filter=&#8221;none&#8221; column_shadow=&#8221;none&#8221; column_border_radius=&#8221;none&#8221; column_link_target=&#8221;_self&#8221; column_position=&#8221;default&#8221; gradient_direction=&#8221;left_to_right&#8221; overlay_strength=&#8221;0.3&#8243; width=&#8221;1\/1&#8243; tablet_width_inherit=&#8221;default&#8221; animation_type=&#8221;default&#8221; bg_image_animation=&#8221;none&#8221; border_type=&#8221;simple&#8221; column_border_width=&#8221;none&#8221; column_border_style=&#8221;solid&#8221;][vc_row_inner column_margin=&#8221;default&#8221; column_direction=&#8221;default&#8221; column_direction_tablet=&#8221;default&#8221; column_direction_phone=&#8221;default&#8221; text_align=&#8221;left&#8221; row_position=&#8221;default&#8221; row_position_tablet=&#8221;inherit&#8221; row_position_phone=&#8221;inherit&#8221; overflow=&#8221;visible&#8221; pointer_events=&#8221;all&#8221;][vc_column_inner column_padding=&#8221;no-extra-padding&#8221; column_padding_tablet=&#8221;inherit&#8221; column_padding_phone=&#8221;inherit&#8221; column_padding_position=&#8221;all&#8221; column_element_direction_desktop=&#8221;default&#8221; column_element_spacing=&#8221;default&#8221; desktop_text_alignment=&#8221;default&#8221; tablet_text_alignment=&#8221;default&#8221; phone_text_alignment=&#8221;default&#8221; background_color_opacity=&#8221;1&#8243; background_hover_color_opacity=&#8221;1&#8243; column_backdrop_filter=&#8221;none&#8221; column_shadow=&#8221;none&#8221; column_border_radius=&#8221;none&#8221; column_link_target=&#8221;_self&#8221; overflow=&#8221;visible&#8221; gradient_direction=&#8221;left_to_right&#8221; overlay_strength=&#8221;0.3&#8243; width=&#8221;1\/1&#8243; tablet_width_inherit=&#8221;default&#8221; animation_type=&#8221;default&#8221; bg_image_animation=&#8221;none&#8221; border_type=&#8221;simple&#8221; column_border_width=&#8221;none&#8221; column_border_style=&#8221;solid&#8221; column_padding_type=&#8221;default&#8221; gradient_type=&#8221;default&#8221;][vc_column_text css_animation=&#8221;fadeInUp&#8221; css=&#8221;.vc_custom_1706775095499{margin-bottom: 15px !important;}&#8221; text_direction=&#8221;default&#8221;]\n<h5>Tehnolo\u0161ka oprema \u010cokoland<\/h5>\n[\/vc_column_text][split_line_heading animation_type=&#8221;default&#8221; text_direction=&#8221;default&#8221;]\n<h2>O NAS<\/h2>\n[\/split_line_heading][vc_column_text text_direction=&#8221;default&#8221;]Tehnolo\u0161ka oprema \u010cokoland uspe\u0161no deluje \u017ee 12 let in ponosno ponuja vrhunsko italijansko tehnolo\u0161ko opremo, ki ustreza najvi\u0161jim standardom kakovosti. Zaradi na\u0161e strasti do inovacij in predanosti zagotavljanju vrhunskih izdelkov smo vodilni v industriji. Uva\u017eamo \u0161iroko paleto naprav, vklju\u010dno z industrijskimi ventilatorji, pe\u010dicami, pe\u010dmi za pico, stroji za testenine, hladilniki, me\u0161alniki, pakirnimi stroji in \u0161tevilnimi drugimi izdelki za va\u0161e potrebe.<\/p>\n<p>Vsi na\u0161i izdelki so vrhunske italijanske kakovosti, ki so po vsem svetu priznani zaradi svoje zanesljivosti in zmogljivosti. S ponosom poudarjamo, da imajo vse naprave enoletno garancijo, kar vam daje dodatno varnost in zaupanje v na\u0161e izdelke.<\/p>\n<p>S svojim strokovnim znanjem in izku\u0161njami nudimo ne le vrhunske izdelke, ampak tudi odli\u010dno podporo strankam. Na\u0161a ekipa strokovnjakov vam je na voljo za vsa vpra\u0161anja in tehni\u010dne informacije. Poleg tega nudimo servisiranje naprav, ki zagotavlja dolgo \u017eivljenjsko dobo in optimalno delovanje va\u0161e opreme.<\/p>\n<p>Za la\u017ejo nakupovalno izku\u0161njo vam ponujamo mo\u017enost dostave va\u0161ih naprav neposredno na va\u0161a vrata. Na\u0161a u\u010dinkovita logistika zagotavlja hitro in varno dostavo ter vam omogo\u010da, da se osredoto\u010dite na tisto, kar je najpomembnej\u0161e \u2013 uspe\u0161no vodenje va\u0161ega podjetja.<\/p>\n<p>Tehnolo\u0161ka oprema \u010cokoland je sinonim za zanesljivost, kakovost in vrhunsko storitev. Zahvaljujemo se vam za zaupanje, ki nam ga izkazujete \u017ee 12 let, in se veselimo, da bomo skupaj z vami gradili prihodnost.[\/vc_column_text][nectar_btn size=&#8221;large&#8221; button_style=&#8221;regular&#8221; button_color_2=&#8221;Extra-Color-1&#8243; color_override=&#8221;#ffffff&#8221; solid_text_color_override=&#8221;#000000&#8243; icon_family=&#8221;default_arrow&#8221; url=&#8221;https:\/\/tehnoloska-oprema.eu\/sl\/kontakt&#8221; text=&#8221;Kontaktiraj nas&#8221; margin_top=&#8221;25&#8243; css_animation=&#8221;slideInUp&#8221;][\/vc_column_inner][\/vc_row_inner][\/vc_column][\/vc_row]\n","protected":false},"excerpt":{"rendered":"<p>[vc_row type=&#8221;full_width_background&#8221; full_screen_row_position=&#8221;middle&#8221; column_margin=&#8221;default&#8221; column_direction=&#8221;default&#8221; column_direction_tablet=&#8221;default&#8221; column_direction_phone=&#8221;default&#8221; bg_color=&#8221;#ffffff&#8221; bg_image=&#8221;2994&#8243; bg_position=&#8221;center center&#8221; background_image_loading=&#8221;default&#8221; bg_repeat=&#8221;no-repeat&#8221; scene_position=&#8221;center&#8221; top_padding=&#8221;5%&#8221; constrain_group_1=&#8221;yes&#8221; bottom_padding=&#8221;5%&#8221; text_color=&#8221;light&#8221; text_align=&#8221;left&#8221; row_border_radius=&#8221;none&#8221; row_border_radius_applies=&#8221;bg&#8221; overflow=&#8221;visible&#8221; color_overlay=&#8221;#0a0000&#8243; color_overlay_2=&#8221;rgba(10,10,10,0.5)&#8221; overlay_strength=&#8221;0.8&#8243; gradient_direction=&#8221;left_to_right&#8221; shape_divider_color=&#8221;#ffffff&#8221; shape_divider_position=&#8221;bottom&#8221; shape_divider_height=&#8221;350&#8243; bg_image_animation=&#8221;none&#8221;&#8230;<\/p>\n","protected":false},"author":1,"featured_media":0,"parent":0,"menu_order":24,"comment_status":"closed","ping_status":"closed","template":"","meta":{"_seopress_robots_primary_cat":"","_seopress_titles_title":"","_seopress_titles_desc":"","_seopress_robots_index":"","inline_featured_image":false,"footnotes":""},"class_list":["post-5473","page","type-page","status-publish"],"_links":{"self":[{"href":"https:\/\/tehnoloska-oprema.eu\/sl\/wp-json\/wp\/v2\/pages\/5473","targetHints":{"allow":["GET"]}}],"collection":[{"href":"https:\/\/tehnoloska-oprema.eu\/sl\/wp-json\/wp\/v2\/pages"}],"about":[{"href":"https:\/\/tehnoloska-oprema.eu\/sl\/wp-json\/wp\/v2\/types\/page"}],"author":[{"embeddable":true,"href":"https:\/\/tehnoloska-oprema.eu\/sl\/wp-json\/wp\/v2\/users\/1"}],"replies":[{"embeddable":true,"href":"https:\/\/tehnoloska-oprema.eu\/sl\/wp-json\/wp\/v2\/comments?post=5473"}],"version-history":[{"count":3,"href":"https:\/\/tehnoloska-oprema.eu\/sl\/wp-json\/wp\/v2\/pages\/5473\/revisions"}],"predecessor-version":[{"id":5485,"href":"https:\/\/tehnoloska-oprema.eu\/sl\/wp-json\/wp\/v2\/pages\/5473\/revisions\/5485"}],"wp:attachment":[{"href":"https:\/\/tehnoloska-oprema.eu\/sl\/wp-json\/wp\/v2\/media?parent=5473"}],"curies":[{"name":"wp","href":"https:\/\/api.w.org\/{rel}","templated":true}]}}